{"id":936,"date":"2024-12-02T11:54:02","date_gmt":"2024-12-02T10:54:02","guid":{"rendered":"https:\/\/esteticadent.hr\/?page_id=936"},"modified":"2024-12-03T07:04:35","modified_gmt":"2024-12-03T06:04:35","slug":"eu-projekt","status":"publish","type":"page","link":"https:\/\/esteticadent.hr\/it\/eu-projekt\/","title":{"rendered":"Digitalizacija usluga kroz ulaganje u Internet stranicu"},"content":{"rendered":"<h5 class=\"wp-block-heading\">BREVE DESCRIZIONE DEL PROGETTO<\/h5>\n\n\n\n<p>Il progetto si compone di due elementi principali:<\/p>\n\n\n\n<ol class=\"wp-block-list\">\n<li>Restyling\/creazione del sito web<\/li>\n\n\n\n<li>Formazione<\/li>\n<\/ol>\n\n\n\n<p class=\"translation-block\">Il progetto prevede il restyling del sito web esistente \u2013 con un significativo miglioramento della funzionalit\u00e0, l\u2019evidenziazione dell\u2019alto livello tecnologico e della qualit\u00e0 del servizio, e l\u2019assicurazione di una navigazione semplice e moderna che indirizzer\u00e0 subito il potenziale cliente verso le informazioni desiderate.<\/p>\n\n\n\n<p class=\"translation-block\">Il sito sar\u00e0 progettato in modo da incentivare la comunicazione online con il cliente, con l\u2019obiettivo di fornire risposte immediate, quando possibile, e permettere la prenotazione online in una fascia oraria disponibile e adatta al cliente, fattore chiave per spingerlo a decidere immediatamente di usufruire dei servizi del Beneficiario.<\/p>\n\n\n\n<p class=\"translation-block\">L\u2019investimento garantir\u00e0 un\u2019ottimizzazione significativa delle attivit\u00e0 sia interne che esterne, una razionalizzazione delle risorse, con effetti positivi sulla redditivit\u00e0 complessiva dell\u2019attivit\u00e0.<\/p>\n\n\n\n<p>Il progetto contribuir\u00e0 a:<\/p>\n\n\n\n<ul class=\"wp-block-list\">\n<li>aumentare il numero di clienti<\/li>\n\n\n\n<li>aumentare i ricavi<\/li>\n\n\n\n<li>digitalizzare i processi aziendali<\/li>\n<\/ul>\n\n\n\n<p><br><strong>VALORE TOTALE DEL PROGETTO: 15.500,00 EUR<\/strong><br><strong>COFINANZIAMENTO UE DEL PROGETTO: 6.720,00 EUR<\/strong><br><strong>PERIODO DI ATTUAZIONE DEL PROGETTO: 2023 \u2013 2024<\/strong><\/p>\n\n\n\n<p><br><strong>Contatti per ulteriori informazioni:\u00a0<\/strong><\/p>\n\n\n\n<p>ESTETIKA \u2013 DENT d.o.o., Ulica Milana Prpi\u0107a 65, Oroslavje<br>Telefono: <a href=\"tel:+385 4951 6009\">+385 4951 6009<\/a><br>E-mail: <a href=\"mailto:info@estetika.hr\">info@estetika.hr<\/a><\/p>\n\n\n\n<figure class=\"wp-block-image size-large\"><img loading=\"lazy\" decoding=\"async\" width=\"1024\" height=\"317\" src=\"https:\/\/esteticadent.hr\/wp-content\/uploads\/2024\/12\/next-generation-EU-ft-1024x317.png\" alt=\"\" class=\"wp-image-935\" srcset=\"https:\/\/esteticadent.hr\/wp-content\/uploads\/2024\/12\/next-generation-EU-ft-1024x317.png 1024w, https:\/\/esteticadent.hr\/wp-content\/uploads\/2024\/12\/next-generation-EU-ft-300x93.png 300w, https:\/\/esteticadent.hr\/wp-content\/uploads\/2024\/12\/next-generation-EU-ft-768x238.png 768w, https:\/\/esteticadent.hr\/wp-content\/uploads\/2024\/12\/next-generation-EU-ft.png 1076w\" sizes=\"auto, (max-width: 1024px) 100vw, 1024px\" \/><\/figure>\n\n\n\n<p>Il progetto \u00e8 finanziato dal Meccanismo per la Ripresa e la Resilienza Next Generation EU<\/p>","protected":false},"excerpt":{"rendered":"<p>KRATKI OPIS PROJEKTA Projekt se sastoji od dvije osnovne komponente : Projektom \u0107e se osigurati redizajn postoje\u0107e WEB stranice &#8211; zna\u010dajno pobolj\u0161atifunkcionalnost, naglasiti visoku tehnolo\u0161ki nivo i kvalitetu usluge, osigurati jednostavnu isuvremenu navigaciju koja \u0107e potencijalnog klijenta odmah usmjeriti na informacije koje tra\u017ei. Stranica \u0107e biti tako dizajnirana tako da potakne on line komunikaciju s [&hellip;]<\/p>\n","protected":false},"author":1,"featured_media":0,"parent":0,"menu_order":0,"comment_status":"closed","ping_status":"closed","template":"","meta":{"_acf_changed":false,"inline_featured_image":false,"footnotes":""},"class_list":["post-936","page","type-page","status-publish","hentry"],"acf":[],"yoast_head":"<!-- This site is optimized with the Yoast SEO plugin v27.1.1 - https:\/\/yoast.com\/product\/yoast-seo-wordpress\/ -->\n<title>Digitalizacija usluga kroz ulaganje u Internet stranicu - Estetica Dent<\/title>\n<meta name=\"robots\" content=\"noindex, follow\" \/>\n<meta property=\"og:locale\" content=\"it_IT\" \/>\n<meta property=\"og:type\" content=\"article\" \/>\n<meta property=\"og:title\" content=\"Digitalizacija usluga kroz ulaganje u Internet stranicu - Estetica Dent\" \/>\n<meta property=\"og:description\" content=\"KRATKI OPIS PROJEKTA Projekt se sastoji od dvije osnovne komponente : Projektom \u0107e se osigurati redizajn postoje\u0107e WEB stranice &#8211; zna\u010dajno pobolj\u0161atifunkcionalnost, naglasiti visoku tehnolo\u0161ki nivo i kvalitetu usluge, osigurati jednostavnu isuvremenu navigaciju koja \u0107e potencijalnog klijenta odmah usmjeriti na informacije koje tra\u017ei. Stranica \u0107e biti tako dizajnirana tako da potakne on line komunikaciju s [&hellip;]\" \/>\n<meta property=\"og:url\" content=\"https:\/\/esteticadent.hr\/it\/eu-projekt\/\" \/>\n<meta property=\"og:site_name\" content=\"Estetica Dent\" \/>\n<meta property=\"article:publisher\" content=\"https:\/\/www.facebook.com\/esteticadent.hr\/\" \/>\n<meta property=\"article:modified_time\" content=\"2024-12-03T06:04:35+00:00\" \/>\n<meta property=\"og:image\" content=\"https:\/\/esteticadent.hr\/wp-content\/uploads\/2024\/12\/next-generation-EU-ft.png\" \/>\n\t<meta property=\"og:image:width\" content=\"1076\" \/>\n\t<meta property=\"og:image:height\" content=\"333\" \/>\n\t<meta property=\"og:image:type\" content=\"image\/png\" \/>\n<meta name=\"twitter:card\" content=\"summary_large_image\" \/>\n<meta name=\"twitter:label1\" content=\"Tempo di lettura stimato\" \/>\n\t<meta name=\"twitter:data1\" content=\"2 minuti\" \/>\n<script type=\"application\/ld+json\" class=\"yoast-schema-graph\">{\"@context\":\"https:\/\/schema.org\",\"@graph\":[{\"@type\":\"WebPage\",\"@id\":\"https:\/\/esteticadent.hr\/eu-projekt\/\",\"url\":\"https:\/\/esteticadent.hr\/eu-projekt\/\",\"name\":\"Digitalizacija usluga kroz ulaganje u Internet stranicu - Estetica Dent\",\"isPartOf\":{\"@id\":\"https:\/\/esteticadent.hr\/#website\"},\"primaryImageOfPage\":{\"@id\":\"https:\/\/esteticadent.hr\/eu-projekt\/#primaryimage\"},\"image\":{\"@id\":\"https:\/\/esteticadent.hr\/eu-projekt\/#primaryimage\"},\"thumbnailUrl\":\"https:\/\/esteticadent.hr\/wp-content\/uploads\/2024\/12\/next-generation-EU-ft-1024x317.png\",\"datePublished\":\"2024-12-02T10:54:02+00:00\",\"dateModified\":\"2024-12-03T06:04:35+00:00\",\"breadcrumb\":{\"@id\":\"https:\/\/esteticadent.hr\/eu-projekt\/#breadcrumb\"},\"inLanguage\":\"it-IT\",\"potentialAction\":[{\"@type\":\"ReadAction\",\"target\":[\"https:\/\/esteticadent.hr\/eu-projekt\/\"]}]},{\"@type\":\"ImageObject\",\"inLanguage\":\"it-IT\",\"@id\":\"https:\/\/esteticadent.hr\/eu-projekt\/#primaryimage\",\"url\":\"https:\/\/esteticadent.hr\/wp-content\/uploads\/2024\/12\/next-generation-EU-ft-1024x317.png\",\"contentUrl\":\"https:\/\/esteticadent.hr\/wp-content\/uploads\/2024\/12\/next-generation-EU-ft-1024x317.png\"},{\"@type\":\"BreadcrumbList\",\"@id\":\"https:\/\/esteticadent.hr\/eu-projekt\/#breadcrumb\",\"itemListElement\":[{\"@type\":\"ListItem\",\"position\":1,\"name\":\"Po\u010detna stranica\",\"item\":\"https:\/\/esteticadent.hr\/\"},{\"@type\":\"ListItem\",\"position\":2,\"name\":\"Digitalizacija usluga kroz ulaganje u Internet stranicu\"}]},{\"@type\":\"WebSite\",\"@id\":\"https:\/\/esteticadent.hr\/#website\",\"url\":\"https:\/\/esteticadent.hr\/\",\"name\":\"Estetica Dent\",\"description\":\"Profesionalno i s osmijehom\",\"publisher\":{\"@id\":\"https:\/\/esteticadent.hr\/#organization\"},\"potentialAction\":[{\"@type\":\"SearchAction\",\"target\":{\"@type\":\"EntryPoint\",\"urlTemplate\":\"https:\/\/esteticadent.hr\/?s={search_term_string}\"},\"query-input\":{\"@type\":\"PropertyValueSpecification\",\"valueRequired\":true,\"valueName\":\"search_term_string\"}}],\"inLanguage\":\"it-IT\"},{\"@type\":\"Organization\",\"@id\":\"https:\/\/esteticadent.hr\/#organization\",\"name\":\"Estetica Dent\",\"url\":\"https:\/\/esteticadent.hr\/\",\"logo\":{\"@type\":\"ImageObject\",\"inLanguage\":\"it-IT\",\"@id\":\"https:\/\/esteticadent.hr\/#\/schema\/logo\/image\/\",\"url\":\"https:\/\/esteticadent.hr\/wp-content\/uploads\/2023\/11\/estetica-dent-logo.svg\",\"contentUrl\":\"https:\/\/esteticadent.hr\/wp-content\/uploads\/2023\/11\/estetica-dent-logo.svg\",\"width\":164,\"height\":58,\"caption\":\"Estetica Dent\"},\"image\":{\"@id\":\"https:\/\/esteticadent.hr\/#\/schema\/logo\/image\/\"},\"sameAs\":[\"https:\/\/www.facebook.com\/esteticadent.hr\/\",\"https:\/\/www.instagram.com\/esteticadent.385\/\"]}]}<\/script>\n<!-- \/ Yoast SEO plugin. -->","yoast_head_json":{"title":"Digitalizacija usluga kroz ulaganje u Internet stranicu - Estetica Dent","robots":{"index":"noindex","follow":"follow"},"og_locale":"it_IT","og_type":"article","og_title":"Digitalizacija usluga kroz ulaganje u Internet stranicu - Estetica Dent","og_description":"KRATKI OPIS PROJEKTA Projekt se sastoji od dvije osnovne komponente : Projektom \u0107e se osigurati redizajn postoje\u0107e WEB stranice &#8211; zna\u010dajno pobolj\u0161atifunkcionalnost, naglasiti visoku tehnolo\u0161ki nivo i kvalitetu usluge, osigurati jednostavnu isuvremenu navigaciju koja \u0107e potencijalnog klijenta odmah usmjeriti na informacije koje tra\u017ei. Stranica \u0107e biti tako dizajnirana tako da potakne on line komunikaciju s [&hellip;]","og_url":"https:\/\/esteticadent.hr\/it\/eu-projekt\/","og_site_name":"Estetica Dent","article_publisher":"https:\/\/www.facebook.com\/esteticadent.hr\/","article_modified_time":"2024-12-03T06:04:35+00:00","og_image":[{"width":1076,"height":333,"url":"https:\/\/esteticadent.hr\/wp-content\/uploads\/2024\/12\/next-generation-EU-ft.png","type":"image\/png"}],"twitter_card":"summary_large_image","twitter_misc":{"Tempo di lettura stimato":"2 minuti"},"schema":{"@context":"https:\/\/schema.org","@graph":[{"@type":"WebPage","@id":"https:\/\/esteticadent.hr\/eu-projekt\/","url":"https:\/\/esteticadent.hr\/eu-projekt\/","name":"Digitalizacija usluga kroz ulaganje u Internet stranicu - Estetica Dent","isPartOf":{"@id":"https:\/\/esteticadent.hr\/#website"},"primaryImageOfPage":{"@id":"https:\/\/esteticadent.hr\/eu-projekt\/#primaryimage"},"image":{"@id":"https:\/\/esteticadent.hr\/eu-projekt\/#primaryimage"},"thumbnailUrl":"https:\/\/esteticadent.hr\/wp-content\/uploads\/2024\/12\/next-generation-EU-ft-1024x317.png","datePublished":"2024-12-02T10:54:02+00:00","dateModified":"2024-12-03T06:04:35+00:00","breadcrumb":{"@id":"https:\/\/esteticadent.hr\/eu-projekt\/#breadcrumb"},"inLanguage":"it-IT","potentialAction":[{"@type":"ReadAction","target":["https:\/\/esteticadent.hr\/eu-projekt\/"]}]},{"@type":"ImageObject","inLanguage":"it-IT","@id":"https:\/\/esteticadent.hr\/eu-projekt\/#primaryimage","url":"https:\/\/esteticadent.hr\/wp-content\/uploads\/2024\/12\/next-generation-EU-ft-1024x317.png","contentUrl":"https:\/\/esteticadent.hr\/wp-content\/uploads\/2024\/12\/next-generation-EU-ft-1024x317.png"},{"@type":"BreadcrumbList","@id":"https:\/\/esteticadent.hr\/eu-projekt\/#breadcrumb","itemListElement":[{"@type":"ListItem","position":1,"name":"Po\u010detna stranica","item":"https:\/\/esteticadent.hr\/"},{"@type":"ListItem","position":2,"name":"Digitalizacija usluga kroz ulaganje u Internet stranicu"}]},{"@type":"WebSite","@id":"https:\/\/esteticadent.hr\/#website","url":"https:\/\/esteticadent.hr\/","name":"Estetica Dent","description":"Profesionalno i s osmijehom","publisher":{"@id":"https:\/\/esteticadent.hr\/#organization"},"potentialAction":[{"@type":"SearchAction","target":{"@type":"EntryPoint","urlTemplate":"https:\/\/esteticadent.hr\/?s={search_term_string}"},"query-input":{"@type":"PropertyValueSpecification","valueRequired":true,"valueName":"search_term_string"}}],"inLanguage":"it-IT"},{"@type":"Organization","@id":"https:\/\/esteticadent.hr\/#organization","name":"Estetica Dent","url":"https:\/\/esteticadent.hr\/","logo":{"@type":"ImageObject","inLanguage":"it-IT","@id":"https:\/\/esteticadent.hr\/#\/schema\/logo\/image\/","url":"https:\/\/esteticadent.hr\/wp-content\/uploads\/2023\/11\/estetica-dent-logo.svg","contentUrl":"https:\/\/esteticadent.hr\/wp-content\/uploads\/2023\/11\/estetica-dent-logo.svg","width":164,"height":58,"caption":"Estetica Dent"},"image":{"@id":"https:\/\/esteticadent.hr\/#\/schema\/logo\/image\/"},"sameAs":["https:\/\/www.facebook.com\/esteticadent.hr\/","https:\/\/www.instagram.com\/esteticadent.385\/"]}]}},"_links":{"self":[{"href":"https:\/\/esteticadent.hr\/it\/wp-json\/wp\/v2\/pages\/936","targetHints":{"allow":["GET"]}}],"collection":[{"href":"https:\/\/esteticadent.hr\/it\/wp-json\/wp\/v2\/pages"}],"about":[{"href":"https:\/\/esteticadent.hr\/it\/wp-json\/wp\/v2\/types\/page"}],"author":[{"embeddable":true,"href":"https:\/\/esteticadent.hr\/it\/wp-json\/wp\/v2\/users\/1"}],"replies":[{"embeddable":true,"href":"https:\/\/esteticadent.hr\/it\/wp-json\/wp\/v2\/comments?post=936"}],"version-history":[{"count":12,"href":"https:\/\/esteticadent.hr\/it\/wp-json\/wp\/v2\/pages\/936\/revisions"}],"predecessor-version":[{"id":950,"href":"https:\/\/esteticadent.hr\/it\/wp-json\/wp\/v2\/pages\/936\/revisions\/950"}],"wp:attachment":[{"href":"https:\/\/esteticadent.hr\/it\/wp-json\/wp\/v2\/media?parent=936"}],"curies":[{"name":"wp","href":"https:\/\/api.w.org\/{rel}","templated":true}]}}