{"id":3,"date":"2023-11-27T14:40:13","date_gmt":"2023-11-27T13:40:13","guid":{"rendered":"https:\/\/esteticadent.hr\/?page_id=3"},"modified":"2024-12-03T07:04:10","modified_gmt":"2024-12-03T06:04:10","slug":"pravila-privatnosti","status":"publish","type":"page","link":"https:\/\/esteticadent.hr\/sl\/pravila-privatnosti\/","title":{"rendered":"Politika zasebnosti"},"content":{"rendered":"<h2 class=\"wp-block-heading\">1. Uvod<\/h2>\n\n\n\n<p>Ta politika zasebnosti ureja na\u010din ravnanja z va\u0161imi osebnimi podatki.<\/p>\n\n\n\n<p>Politika zasebnosti vas obve\u0161\u010da o podatkih, ki jih zbiramo, kako zbiramo podatke, za katere namene jih zbiramo in uporabljamo, s kom delimo va\u0161e podatke, kako dolgo jih hranimo in o va\u0161ih pravicah.<\/p>\n\n\n\n<p>Estetica dent d.o.o. se zavezuje k varovanju osebnih podatkov, zbranih v skladu s temeljnimi na\u010deli varstva podatkov, predvsem v skladu z Uredbo (EU) 2016\/679 Evropskega parlamenta in Sveta z dne 27. aprila 2016 (Splo\u0161na uredba o varstvu podatkov), predpisi Republike Hrva\u0161ke in dolo\u010dili te politike zasebnosti (v nadaljevanju: Politika zasebnosti).<\/p>\n\n\n\n<h4 class=\"wp-block-heading\">Opredelitev pojmov:<\/h4>\n\n\n\n<p>Osebni podatek pomeni katero koli informacijo v zvezi z dolo\u010denim ali dolo\u010dljivim posameznikom. Dolo\u010dljiv posameznik je tisti, ki ga je mogo\u010de neposredno ali posredno identificirati, zlasti z navedbo identifikatorja, kot je ime, identifikacijska \u0161tevilka, podatki o lokaciji, spletni identifikator, ali z navedbo enega ali ve\u010d dejavnikov, ki so zna\u010dilni za fizi\u010dno, fiziolo\u0161ko, genetsko, du\u0161evno, gospodarsko, kulturno ali dru\u017ebeno identiteto tega posameznika.<\/p>\n\n\n\n<p>Pojem \u201eobdelava\u201c pomeni vsako dejanje ali niz dejanj, ki se izvaja v zvezi z osebnimi podatki ali nizi osebnih podatkov z avtomatiziranimi sredstvi ali brez njih, kot je zbiranje, bele\u017eenje, urejanje, strukturiranje, shranjevanje, prilagajanje ali spreminjanje, priklic, vpogled, uporaba, razkritje s posredovanjem, raz\u0161irjanje ali druga\u010dno omogo\u010danje dostopa, prilagajanje ali kombiniranje, omejevanje, izbris ali uni\u010denje.<\/p>\n\n\n\n<h2 class=\"wp-block-heading\">2. Kdo nadzoruje podatke<\/h2>\n\n\n\n<p>Estetica dent d.o.o. (v nadaljevanju: EsteticaDent ) dolo\u010da namen in sredstva obdelave Va\u0161ih osebnih podatkov in se v tem smislu \u0161teje za Upravljavca. Pri izvajanju svojih zakonskih obveznosti je Upravljavec odgovoren za shranjevanje in uporabo osebnih podatkov na ra\u010dunalni\u0161ke ali ro\u010dne datoteke.<\/p>\n\n\n\n<h4 class=\"wp-block-heading\">Kontaktni podatki:<\/h4>\n\n\n\n<p>Estetica Dent d.o.o. za dentalnu medicinu i estetiku lica<br>Milana Prpi\u0107a 65, Oroslavje\u2028<br>Tel: 00385 49 516 009\u2028<br>E-po\u0161ta: info@esteticadent.hr<\/p>\n\n\n\n<p>EsteticaDent nima zaposlene poobla\u0161\u010dene osebe za varstvo podatkov. \u010ce imate kakr\u0161na koli vpra\u0161anja v zvezi s podatki, ki ste nam jih posredovali, se lahko kadar koli obrnete na nas. Za podrobnosti ali kako stopiti v stik z nami si oglejte kontaktne podatke.<\/p>\n\n\n\n<h2 class=\"wp-block-heading\">3. Katre osebne podatke zbiramo<\/h2>\n\n\n\n<p>Vse na\u0161e dejavnosti temeljijo na strogo eti\u010dnih na\u010delih in zakonskih zahtevah ter smo zavezani k varovanju zasebnosti vseh na\u0161ih pacientov, potencialnih pacientov in obiskovalcev na\u0161e spletne strani, Facebook in Instagram profilov. Zato je na\u010din zbiranja in shranjevanja informacij, vklju\u010dno z osebnimi podatki, odvisen od tega, kako se uporabljajo na\u0161a spletna mesta in povezane storitve. Ne zbiramo nobenih ob\u010dutljivih podatkov o vas.<\/p>\n\n\n\n<h4 class=\"wp-block-heading\">3.1. Podatki zbrani z va\u0161o interakcijo z nami<\/h4>\n\n\n\n<p>Na na\u0161em spletnem mestu se lahko uporabljajo razli\u010dne tehnologije za izbolj\u0161anje u\u010dinkovitosti in varnosti. Tak\u0161ne tehnologije lahko povzro\u010dijo samodejno zbiranje podatkov s strani nas ali tretjih oseb. Primeri takih tehnologij so pi\u0161kotki, spletna analitika. Na\u0161e spletno mesto uporablja pi\u0161kotke, \u010de \u017eelite izvedeti ve\u010d o tem, preberite na\u0161o politiko pi\u0161kotkov.<\/p>\n\n\n\n<h4 class=\"wp-block-heading\">3.2. Povezave<\/h4>\n\n\n\n<p>To spletno mesto vsebuje povezave do drugih spletnih mest (npr. Facebook). Skladno s tem opozarjamo in prosimo uporabnike, da upo\u0161tevajo, da Upravljavec ne more biti odgovoren za spo\u0161tovanje zasebnosti na zgoraj navedenih spletnih mestih. Zato uporabnikom svetujemo, da preberejo izjavo o zasebnosti vsakega spletnega mesta, do katerega dostopajo.<\/p>\n\n\n\n<h4 class=\"wp-block-heading\">3.3. Podatki, ki jih posredujete vi<\/h4>\n\n\n\n<p>Poleg podatkov, zbranih z avtomatiziranimi sredstvi (glej 3.1), obdelujemo tudi podatke, ki ste nam jih sami posredovali. To vklju\u010duje, vendar ni omejeno na:<br>\u2022 Podatke, ki ste nam jih posredovali ob vpisu na na\u0161 elektronski po\u0161tni seznam,<br>\u2022 Podatki, ki ste nam jih posredovali z izpolnjevanjem obrazca<br>\u2022 Podatki, ki ste nam jih posredovali ob spletnem naro\u010dilu storitve (storitev) ali po telefonu<br>\u2022 Podatke, ki ste nam jih posredovali ob prijavi za sodelovanje v nagradnih igrah ali izpolnjevanju na\u0161ih anket<br>\u2022 Osebne podatke, ki ste nam jih posredovali preko elektronske po\u0161te, kontaktnega obrazca na na\u0161em spletnem mestu,<br>\u2022 Z objavo na na\u0161em Facebook ali Instagram profilu,<br>\u2022 Podatke, pridobljene na podlagi zahtevka za vra\u010dilo DDV v drugi dr\u017eavi \u010dlanici EU,<\/p>\n\n\n\n<h4 class=\"wp-block-heading\">3.4. Podatki, ki jih zbiramo:<\/h4>\n\n\n\n<p>\u2022 ime in priimek,<br>\u2022 naslov,<br>\u2022 osebna identifikacijska \u0161tevilka (OIB)<br>\u2022 elektronski naslov,<br>\u2022 telefonska \u0161tevilka \/ \u0161tevilka mobitela<br>\u2022 podatki o vozilu,<br>\u2022 IP naslov obiskovalca<br>\u2022 ostali podatki, ki nam jih zaupate, a \u017eelite, da ostanejo zaupni<\/p>\n\n\n\n<h4 class=\"wp-block-heading\">3.5. Podatki, ki jih zbiramo o na\u0161ih pacientih<\/h4>\n\n\n\n<p>\u2022 ime in priimek,<br>\u2022 naslov,<br>\u2022 telefonska \u0161tevilka,<br>\u2022 osebna identifikacijska \u0161tevilka (OIB)<br>\u2022 zdravstveno stanje<br>\u2022 napotnica osebnega zdravnika<\/p>\n\n\n\n<h4 class=\"wp-block-heading\">3.7. Podatki, ki jih zbiramo o na\u0161ih poslovnih partnerjih<\/h4>\n\n\n\n<p>\u2022 ime in priimek<br>\u2022 telefonska \u0161tevilka \/ \u0161tevilka mobitela \/ faxa<br>\u2022 elektronski naslov<\/p>\n\n\n\n<h2 class=\"wp-block-heading\">4. Namen, za katerega zbiramo osebne podatke:<\/h2>\n\n\n\n<p class=\"translation-block\">\u2022 Za opravljanje storitev v okviru opravljanja registrirane dejavnosti,<br>\n\u2022 Da bi \u010dim bolj u\u010dinkovito odgovorili na va\u0161e povpra\u0161evanje,<br>\n\u2022 Za zagotavljanje izvedbe in pla\u010dila zahtevane storitve,<br>\n\u2022 Za udele\u017ebo v na\u0161em sistemu nagradnih iger,<br>\n\u2022 Za promocijo na\u0161ih storitev,<br>\n\u2022 Zaradi na\u0161e spletne statisti\u010dne obdelave podatkov,<br>\n\u2022 Za po\u0161iljanje promocijskih materialov in posebnih ugodnosti,<br>\n\u2022 Zaradi izpolnjevanja drugih z zakonom dolo\u010denih obveznosti.<\/p>\n\n\n\n<p>Z va\u0161im dovoljenjem vas lahko kontaktiramo neposredno preko podatkov, ki ste nam jih posredovali (po\u0161tne storitve, elektronska po\u0161ta, besedilna sporo\u010dila, telefon) za tr\u017eenje, ogla\u0161evanje in tr\u017ene raziskave, kar vklju\u010duje informacije o izdelkih, posebnih ponudbah in promocijah ter informacije o odprtju in dejavnostih na\u0161ih poslovalnic.<\/p>\n\n\n\n<p>Da bi lahko stopili v stik z vami glede informacij, ki vas \u0161e posebej zanimajo, lahko va\u0161e osebne podatke uporabimo za tr\u017eenje, ogla\u0161evanje in tr\u017ene raziskave.<\/p>\n\n\n\n<h2 class=\"wp-block-heading\">5. Zakonitost obdelave<\/h2>\n\n\n\n<p>Obdelava podatkov je zakonita, ker temelji na privolitvi, ki ste nam jo dali, in \u010de jo prekli\u010dete, ne vpliva na zakonitost obdelave, ki je na njej temeljila pred preklicem, temelji pa tudi na Pogodbi, ki jo sklenemo v okviru opravljanja na\u0161e dejavnosti, ter na izpolnjevanju zakonsko predpisanih obveznosti.<\/p>\n\n\n\n<h2 class=\"wp-block-heading\">6. Razkritje Va\u0161ih podatkov<\/h2>\n\n\n\n<p>Va\u0161e podatke lahko delimo, \u010de je to potrebno za izpolnjevanje na\u0161ih zakonskih obveznosti ter zakonov in predpisov, ki veljajo za nas.<\/p>\n\n\n\n<p>Va\u0161e podatke lahko delimo, \u010de imamo va\u0161e soglasje ali brez va\u0161ega soglasja, \u010de je to potrebno za izpolnitev na\u0161ih obveznosti do vas.<\/p>\n\n\n\n<p>Zbiramo samo tiste osebne podatke, ki so nam bili posredovani prostovoljno in jih uporabljamo izklju\u010dno za namene zagotavljanja zgoraj navedenih storitev.<\/p>\n\n\n\n<h2 class=\"wp-block-heading\">7. Va\u0161e pravice<\/h2>\n\n\n\n<p class=\"translation-block\">\u2022 Pravica dostopa do podatkov<br>\n\u2022 Pravica do popravka in \/ ali izbris podatkov<br>\n\u2022 Pravica do omejitve obdelave podatkov<br>\n\u2022 Pravica do prenosa podatkov<\/p>\n\n\n\n<p>Vpogled, spremembo, popravek, omejitev obdelave, prenos ali izbris va\u0161ih podatkov lahko zahtevate tako, da nam pi\u0161ete na elektronski naslov <a href=\"mailto:info@esteticadent.hr\"><strong>info@esteticadent.hr<\/strong><\/a> ali pisno zahtevo po\u0161ljete na naslov: Milana Prpi\u0107a 65, Oroslavje.<\/p>\n\n\n\n<p>\u010ce ste predhodno skozi postopek registracije ali druga\u010de izrazili svoje komunikacijske ali tr\u017eenjske preference, bodo te preference veljavne, dokler ne izrazite \u017eelje, da se od njih odjavite.<\/p>\n\n\n\n<p>Odjavite se lahko tako, da po\u0161ljete obvestilo z va\u0161im elektronskim naslovom, polnim imenom in zahtevo za odjavo od prejemanja tr\u017enih komunikacij na:<br>\u2022 elektronski naslov: <a href=\"mailto:info@esteticadent.hr\"><span style=\"text-decoration: underline;\">info@esteticadent.hr<\/span><\/a>\u2028<br>\u2022 pismom na naslov: Milana Prpi\u0107a 65, Oroslavje<\/p>\n\n\n\n<p>Upo\u0161tevajte, da odjava od ene vrste tr\u017eenjskega komuniciranja ne pomeni odjave od vseh vrst tr\u017eenjskega komuniciranja in ne bo prepre\u010dila na\u0161e nadaljnje komunikacije z vami v zvezi s transakcijami ali \u010de je to potrebno za izpolnitev na\u0161ih zakonskih in pogodbenih obveznosti.<\/p>\n\n\n\n<h2 class=\"wp-block-heading\">8. Hramba in varnost podatkov<\/h2>\n\n\n\n<p>EsteticaDent se zaveda pomena varstva podatkov, zato nenehno nadzoruje in spodbuja izbolj\u0161ave tehni\u010dnih, strokovnih in organizacijskih varnostnih ukrepov in postopkov.<\/p>\n\n\n\n<p>Spletno mesto in stre\u017eniki EsteticaDent so opremljeni s strogimi varnostnimi ukrepi, namenjenimi za\u0161\u010diti va\u0161ih osebnih podatkov pred nezakonitim uni\u010denjem ali naklju\u010dno izgubo, zlorabo, spremembo, nepoobla\u0161\u010denim razkritjem ali dostopom ter vsemi drugimi nezakonitimi oblikami obdelave.<\/p>\n\n\n\n<p>EsteticaDent ne odgovarja za izgubo osebnih podatkov v procesu po\u0161iljanja na spletno mesto.<\/p>\n\n\n\n<p>Dostop do osebnih podatkov imajo samo poobla\u0161\u010deni zaposleni v podjetju EsteticaDent in zaupanja vredne tretje osebe, ki osebne podatke potrebujejo za izpolnjevanje poslovnih interesov, kot je navedeno zgoraj.<\/p>\n\n\n\n<p>EsteticaDent hrani osebne podatke tako dolgo, kot to dolo\u010da zakon, v \u010dasu trajanja poslovnega sodelovanja oziroma do preklica privolitve.<\/p>\n\n\n\n<h2 class=\"wp-block-heading\">9. Nadzorni organ<\/h2>\n\n\n\n<p>Nadzorni organ za varstvo osebnih podatkov:<\/p>\n\n\n\n<p>Agencija za varstvo osebnih podatkov<br>Marti\u0107eva ulica 14, 10 000 Zagreb<br>Tel. 00385 (0)1 4609-000\u2028<br>Fax. 00385 (0)1 4609-099\u2028<br>E-po\u0161ta: <a href=\"mailto:azop@azop.hr\">azop@azop.hr<\/a>\u2028<br>Splet: <a href=\"https:\/\/azop.hr\/\" target=\"_blank\" rel=\"noreferrer noopener\">www.azop.hr<\/a><\/p>\n\n\n\n<p>EsteticaDent v primeru kr\u0161itve varstva podatkov sodeluje z nadzornim organom, ki ga je dol\u017ean obvestiti najkasneje v 72 urah po seznanitvi s kr\u0161itvijo. \u010ce obstaja verjetnost, da kr\u0161itev za posameznika pomeni visoko tveganje, je upravljavec dol\u017ean o tem brez odla\u0161anja obvestiti pristojni organ. \u010ce obstaja verjetnost, da bo neka vrsta obdelave povzro\u010dila visoko tveganje za pravice in svobo\u0161\u010dine posameznikov, je upravljavec dol\u017ean izvesti presojo vpliva predvidenega delovanja na varstvo osebnih podatkov. Ena ocena se uporablja za ve\u010d podobnih postopkov obdelave.<\/p>\n\n\n\n<h2 class=\"wp-block-heading\">10. Sprememba te politike<\/h2>\n\n\n\n<p>V EsteticaDentu spo\u0161tujemo temeljna na\u010dela zasebnosti in varstva podatkov, zato redno pregledujemo na\u0161o politiko zasebnosti s ciljem spremljanja in usklajevanja podatkov z na\u010deli zasebnosti in varstva podatkov.<\/p>\n\n\n\n<p>Ta politika zasebnosti se lahko ob\u010dasno spremeni, da bo v koraku z novim razvojem in prilo\u017enostmi, ki jih prina\u0161a internet ter v skladu z veljavno zakonodajo.<\/p>\n\n\n\n<p>Morebitne prihodnje spremembe politike zasebnosti bodo objavljene na tej strani.<\/p>","protected":false},"excerpt":{"rendered":"<p>1. Uvod Ovom politikom privatnosti ure\u0111ujemo na\u010din na koji postupamo s Va\u0161im osobnim podacima. Politika privatnosti informira Vas o podacima koje prikupljamo, na\u010dinu na koji prikupljamo podatke, svrsi za koju prikupljamo i koristimo podatke, sa kim dijelimo Va\u0161e podatke, koliko ih dugo \u010duvamo te o Va\u0161im pravima. Estetica dent d.o.o. posve\u0107ena je za\u0161titi osobnih podataka [&hellip;]<\/p>\n","protected":false},"author":1,"featured_media":0,"parent":0,"menu_order":0,"comment_status":"closed","ping_status":"closed","template":"","meta":{"_acf_changed":false,"inline_featured_image":false,"footnotes":""},"class_list":["post-3","page","type-page","status-publish","hentry"],"acf":[],"yoast_head":"<!-- This site is optimized with the Yoast SEO plugin v27.1.1 - https:\/\/yoast.com\/product\/yoast-seo-wordpress\/ -->\n<title>Pravila privatnosti - Estetica Dent<\/title>\n<meta name=\"robots\" content=\"noindex, follow\" \/>\n<meta property=\"og:locale\" content=\"sl_SI\" \/>\n<meta property=\"og:type\" content=\"article\" \/>\n<meta property=\"og:title\" content=\"Pravila privatnosti - Estetica Dent\" \/>\n<meta property=\"og:description\" content=\"1. Uvod Ovom politikom privatnosti ure\u0111ujemo na\u010din na koji postupamo s Va\u0161im osobnim podacima. Politika privatnosti informira Vas o podacima koje prikupljamo, na\u010dinu na koji prikupljamo podatke, svrsi za koju prikupljamo i koristimo podatke, sa kim dijelimo Va\u0161e podatke, koliko ih dugo \u010duvamo te o Va\u0161im pravima. Estetica dent d.o.o. posve\u0107ena je za\u0161titi osobnih podataka [&hellip;]\" \/>\n<meta property=\"og:url\" content=\"https:\/\/esteticadent.hr\/sl\/pravila-privatnosti\/\" \/>\n<meta property=\"og:site_name\" content=\"Estetica Dent\" \/>\n<meta property=\"article:publisher\" content=\"https:\/\/www.facebook.com\/esteticadent.hr\/\" \/>\n<meta property=\"article:modified_time\" content=\"2024-12-03T06:04:10+00:00\" \/>\n<meta property=\"og:image\" content=\"https:\/\/esteticadent.hr\/wp-content\/uploads\/2024\/11\/social-share.jpg\" \/>\n\t<meta property=\"og:image:width\" content=\"1200\" \/>\n\t<meta property=\"og:image:height\" content=\"675\" \/>\n\t<meta property=\"og:image:type\" content=\"image\/jpeg\" \/>\n<meta name=\"twitter:card\" content=\"summary_large_image\" \/>\n<meta name=\"twitter:label1\" content=\"Est. reading time\" \/>\n\t<meta name=\"twitter:data1\" content=\"8 minut\" \/>\n<script type=\"application\/ld+json\" class=\"yoast-schema-graph\">{\"@context\":\"https:\/\/schema.org\",\"@graph\":[{\"@type\":\"WebPage\",\"@id\":\"https:\/\/esteticadent.hr\/pravila-privatnosti\/\",\"url\":\"https:\/\/esteticadent.hr\/pravila-privatnosti\/\",\"name\":\"Pravila privatnosti - Estetica Dent\",\"isPartOf\":{\"@id\":\"https:\/\/esteticadent.hr\/#website\"},\"datePublished\":\"2023-11-27T13:40:13+00:00\",\"dateModified\":\"2024-12-03T06:04:10+00:00\",\"breadcrumb\":{\"@id\":\"https:\/\/esteticadent.hr\/pravila-privatnosti\/#breadcrumb\"},\"inLanguage\":\"sl-SI\",\"potentialAction\":[{\"@type\":\"ReadAction\",\"target\":[\"https:\/\/esteticadent.hr\/pravila-privatnosti\/\"]}]},{\"@type\":\"BreadcrumbList\",\"@id\":\"https:\/\/esteticadent.hr\/pravila-privatnosti\/#breadcrumb\",\"itemListElement\":[{\"@type\":\"ListItem\",\"position\":1,\"name\":\"Po\u010detna stranica\",\"item\":\"https:\/\/esteticadent.hr\/\"},{\"@type\":\"ListItem\",\"position\":2,\"name\":\"Pravila privatnosti\"}]},{\"@type\":\"WebSite\",\"@id\":\"https:\/\/esteticadent.hr\/#website\",\"url\":\"https:\/\/esteticadent.hr\/\",\"name\":\"Estetica Dent\",\"description\":\"Profesionalno i s osmijehom\",\"publisher\":{\"@id\":\"https:\/\/esteticadent.hr\/#organization\"},\"potentialAction\":[{\"@type\":\"SearchAction\",\"target\":{\"@type\":\"EntryPoint\",\"urlTemplate\":\"https:\/\/esteticadent.hr\/?s={search_term_string}\"},\"query-input\":{\"@type\":\"PropertyValueSpecification\",\"valueRequired\":true,\"valueName\":\"search_term_string\"}}],\"inLanguage\":\"sl-SI\"},{\"@type\":\"Organization\",\"@id\":\"https:\/\/esteticadent.hr\/#organization\",\"name\":\"Estetica Dent\",\"url\":\"https:\/\/esteticadent.hr\/\",\"logo\":{\"@type\":\"ImageObject\",\"inLanguage\":\"sl-SI\",\"@id\":\"https:\/\/esteticadent.hr\/#\/schema\/logo\/image\/\",\"url\":\"https:\/\/esteticadent.hr\/wp-content\/uploads\/2023\/11\/estetica-dent-logo.svg\",\"contentUrl\":\"https:\/\/esteticadent.hr\/wp-content\/uploads\/2023\/11\/estetica-dent-logo.svg\",\"width\":164,\"height\":58,\"caption\":\"Estetica Dent\"},\"image\":{\"@id\":\"https:\/\/esteticadent.hr\/#\/schema\/logo\/image\/\"},\"sameAs\":[\"https:\/\/www.facebook.com\/esteticadent.hr\/\",\"https:\/\/www.instagram.com\/esteticadent.385\/\"]}]}<\/script>\n<!-- \/ Yoast SEO plugin. -->","yoast_head_json":{"title":"Pravila privatnosti - Estetica Dent","robots":{"index":"noindex","follow":"follow"},"og_locale":"sl_SI","og_type":"article","og_title":"Pravila privatnosti - Estetica Dent","og_description":"1. Uvod Ovom politikom privatnosti ure\u0111ujemo na\u010din na koji postupamo s Va\u0161im osobnim podacima. Politika privatnosti informira Vas o podacima koje prikupljamo, na\u010dinu na koji prikupljamo podatke, svrsi za koju prikupljamo i koristimo podatke, sa kim dijelimo Va\u0161e podatke, koliko ih dugo \u010duvamo te o Va\u0161im pravima. Estetica dent d.o.o. posve\u0107ena je za\u0161titi osobnih podataka [&hellip;]","og_url":"https:\/\/esteticadent.hr\/sl\/pravila-privatnosti\/","og_site_name":"Estetica Dent","article_publisher":"https:\/\/www.facebook.com\/esteticadent.hr\/","article_modified_time":"2024-12-03T06:04:10+00:00","og_image":[{"width":1200,"height":675,"url":"https:\/\/esteticadent.hr\/wp-content\/uploads\/2024\/11\/social-share.jpg","type":"image\/jpeg"}],"twitter_card":"summary_large_image","twitter_misc":{"Est. reading time":"8 minut"},"schema":{"@context":"https:\/\/schema.org","@graph":[{"@type":"WebPage","@id":"https:\/\/esteticadent.hr\/pravila-privatnosti\/","url":"https:\/\/esteticadent.hr\/pravila-privatnosti\/","name":"Pravila privatnosti - Estetica Dent","isPartOf":{"@id":"https:\/\/esteticadent.hr\/#website"},"datePublished":"2023-11-27T13:40:13+00:00","dateModified":"2024-12-03T06:04:10+00:00","breadcrumb":{"@id":"https:\/\/esteticadent.hr\/pravila-privatnosti\/#breadcrumb"},"inLanguage":"sl-SI","potentialAction":[{"@type":"ReadAction","target":["https:\/\/esteticadent.hr\/pravila-privatnosti\/"]}]},{"@type":"BreadcrumbList","@id":"https:\/\/esteticadent.hr\/pravila-privatnosti\/#breadcrumb","itemListElement":[{"@type":"ListItem","position":1,"name":"Po\u010detna stranica","item":"https:\/\/esteticadent.hr\/"},{"@type":"ListItem","position":2,"name":"Pravila privatnosti"}]},{"@type":"WebSite","@id":"https:\/\/esteticadent.hr\/#website","url":"https:\/\/esteticadent.hr\/","name":"Estetica Dent","description":"Profesionalno i s osmijehom","publisher":{"@id":"https:\/\/esteticadent.hr\/#organization"},"potentialAction":[{"@type":"SearchAction","target":{"@type":"EntryPoint","urlTemplate":"https:\/\/esteticadent.hr\/?s={search_term_string}"},"query-input":{"@type":"PropertyValueSpecification","valueRequired":true,"valueName":"search_term_string"}}],"inLanguage":"sl-SI"},{"@type":"Organization","@id":"https:\/\/esteticadent.hr\/#organization","name":"Estetica Dent","url":"https:\/\/esteticadent.hr\/","logo":{"@type":"ImageObject","inLanguage":"sl-SI","@id":"https:\/\/esteticadent.hr\/#\/schema\/logo\/image\/","url":"https:\/\/esteticadent.hr\/wp-content\/uploads\/2023\/11\/estetica-dent-logo.svg","contentUrl":"https:\/\/esteticadent.hr\/wp-content\/uploads\/2023\/11\/estetica-dent-logo.svg","width":164,"height":58,"caption":"Estetica Dent"},"image":{"@id":"https:\/\/esteticadent.hr\/#\/schema\/logo\/image\/"},"sameAs":["https:\/\/www.facebook.com\/esteticadent.hr\/","https:\/\/www.instagram.com\/esteticadent.385\/"]}]}},"_links":{"self":[{"href":"https:\/\/esteticadent.hr\/sl\/wp-json\/wp\/v2\/pages\/3","targetHints":{"allow":["GET"]}}],"collection":[{"href":"https:\/\/esteticadent.hr\/sl\/wp-json\/wp\/v2\/pages"}],"about":[{"href":"https:\/\/esteticadent.hr\/sl\/wp-json\/wp\/v2\/types\/page"}],"author":[{"embeddable":true,"href":"https:\/\/esteticadent.hr\/sl\/wp-json\/wp\/v2\/users\/1"}],"replies":[{"embeddable":true,"href":"https:\/\/esteticadent.hr\/sl\/wp-json\/wp\/v2\/comments?post=3"}],"version-history":[{"count":10,"href":"https:\/\/esteticadent.hr\/sl\/wp-json\/wp\/v2\/pages\/3\/revisions"}],"predecessor-version":[{"id":910,"href":"https:\/\/esteticadent.hr\/sl\/wp-json\/wp\/v2\/pages\/3\/revisions\/910"}],"wp:attachment":[{"href":"https:\/\/esteticadent.hr\/sl\/wp-json\/wp\/v2\/media?parent=3"}],"curies":[{"name":"wp","href":"https:\/\/api.w.org\/{rel}","templated":true}]}}